{"id":42,"date":"2015-09-30T12:23:50","date_gmt":"2015-09-30T12:23:50","guid":{"rendered":"http:\/\/christine-henn.com\/?page_id=42"},"modified":"2026-02-06T11:51:24","modified_gmt":"2026-02-06T11:51:24","slug":"news","status":"publish","type":"page","link":"https:\/\/christine-henn.com\/","title":{"rendered":"NEWS"},"content":{"rendered":"<p>Silverland Studios \u2013 open studios &#8211;<\/p>\n<p>&#8218;Late Night&#8216;, Thu.,11<sup>th<\/sup> Dec. 2025 4pm \u2013 8pm and Sat.13. &#8211; Sun.14<sup>th<\/sup> Dec. 12pm \u2013 5pm 2025 at Silverland Studios, Arch 18 Military Rd. Ramsgate CT11 9LG &#8211; Arch 33, Christine Henn<\/p>\n<p>Arch 18 Joe Allen<\/p>\n<p>Silverland Studios &#8218;Annual Exhibition&#8216; Dec. 2024 Arch 33 Christine Henn &#8211; Arch 18 Joe Allen<\/p>\n<p>Silverland Studios &#8218; Annual Exhibition&#8216; Dec. 2023 Arch 33 Christine Henn \u2013 Arch 18 Joe Allen<\/p>\n<p>Silverland Studios &#8218; Annual Exhibition&#8216; Dec 2022 Arch 33 Christine Henn \u2013 Arch 18 Joe Allen<\/p>\n<p>Silverland Studios &#8218; Annual Exhibition&#8216; Dec 2021 Arch 33 Christine Henn \u2013 Arch 18 Joe Allen<\/p>\n<p>Silverland Studios &#8218; Annual Exhibition&#8216; Dec 2020 Arch 33 Christine Henn \u2013 Arch 18 Joe Allen<\/p>\n<p>Silverland Studios &#8218; Annual Exhibition &#8218; Dec 2019 Arch 33 Christine Henn \u2013 Arch 18 Joe Allen<\/p>\n<p>&#8218;Winter Group Show&#8216; 04.12.2018 &#8211; 26.1.2019<br \/>\nLinden Hall Studio, Contemporary Art Gallery,<br \/>\n32 St. Georges&#8217;s Road, Deal, Kent CT 14 6BA<\/p>\n<p>&nbsp;<\/p>\n<p>ERRATUM: Vernissage: Group show The lightness of being, 16.06.18, 11-17:00 at Galerie Clairefontaine!<\/p>\n<p>James Nachtwey, South Africa, 1992<\/p>\n<p>THE LIGHTNESS OF BEING<br \/>\nVernissage:<br \/>\nSaturday, June 16^th, 11 a.m. to 5 p.m. at Galerie Clairefontaine,<br \/>\nEspace 1 &amp; 2, in the presence of some of the artists<\/p>\n<p>Exhibition: 16.06.18 &#8211; 21.07.18<\/p>\n<p>Helmut Newton, Woman and Horse, Burbank, 1987<\/p>\n<p>Group show with works by Joe Allen, Oscar Bronner, Edward Burtynsky, Lucien Clergue, Bert Danckaert, Marie &amp; Ghislain David de Lossy, Giovanni Gastel, Christine Henn, William Klein, Dietrich Klinge, Yvon Lambert, Nina Mambourg, Tung-Wen Margue, Hiroyuki Masuyama, Michel Medinger, James Nachtwey, Helmut Newton, Simon Nicholas, Martin Parr, Raoul Ries, Roland Schauls, Stylianos Schicho, HA Schult, Alfred Seiland, etc.<\/p>\n<p>Tung-Wen Margue, Blossom 2, 2017<\/p>\n<p>Roland Schauls, Ausweglos im S\u00fcden, 2017<\/p>\n<p>&nbsp;<\/p>\n<p>&#8218;Wishes come true&#8230;&#8216; Winter group Show<br \/>\n1. 12.2017 &#8211; 23.12.2017<\/p>\n<p>Galerie Clairefontaine, Espace2, 21 rue Du St &#8211; Esprit<br \/>\nL- 1475 Luxemburg,<\/p>\n<p>&nbsp;<\/p>\n<p><a href=\"http:\/\/www.galerie-clairefontaine.lu\">http:\/\/www.galerie-clairefontaine.lu<\/a><\/p>\n<p>Vernissage: Thursday 15.06.17, 6-8 p.m., groupshow<br \/>\n&#8222;multiple choice&#8220; at Galerie Clairefontaine, Espace 1 &amp; Espace 2!<\/p>\n<p>&nbsp;<\/p>\n<p>Anselm Kiefer, Br\u00fcnhildes Fels, 1978, Gouache auf Papier, 20,5 x 29,5 cm<br \/>\nGROUPSHOW<br \/>\nmultiple choice<\/p>\n<p>15.06.17 &#8211; 22.07.17<\/p>\n<p>Vernissage:<br \/>\nThursday, June 15th, 6-8 p.m. in the presence of some of the artists<\/p>\n<p>Stanley Greene, Asya, Itoum Kale, Tch\u00e9tch\u00e9nie, Gelatin Silver Print, 170 x 120 cm<\/p>\n<p>EXHIBITING ARTISTS:<\/p>\n<p>Joe ALLEN, Dieter APPELT, Noboyushi ARAKI, Diane ARBUS, Roger BALLEN, Joseph BEUYS, Lucien CLERGUE, Ghislain &amp; Marie DAVID DE LOSSY, Elliott ERWITT, G\u00fcnther F\u00d6RG, Markus FR\u00c4GER, Gis\u00e8le FREUND, Greg GORMAN, G\u00fcnter GRASS, Stanley GREENE, Christine HENN, J\u00f6rg IMMENDORFF, Kent IWEMYR, Anselm KIEFER, Per KIRKEBY, William KLEIN, Dietrich KLINGE, Aki KURODA, Yvon LAMBERT, Andrea LEHNERT, Markus L\u00dcPERTZ, Tung-Wen MARGUE, Hiroyuki MASUYAMA, Michel MEDINGER, Raymond METTI WEIRIG, Arno Rafael MINKKINEN, James NACHTWEY, Max NEUMANN, Simon NICHOLAS, A.R. PENCK, Ray RICHARDSON, Gerhard RICHTER, Raoul RIES, Roland SCHAULS, Stylianos SCHICHO, HA SCHULT, Alfred SEILAND, Edward STEICHEN, Alfred STIEGLITZ, Karin SZ\u00c9KESSY, Ryuji TAIRA, Marc WILWERT, etc.<\/p>\n<p>Markus Fr\u00e4ger, Die Einflussreiche, 2017, \u00d6l auf Leinwand, 130 x 150 cm<br \/>\nEspace 1, 7 place de Clairefontaine, L-1341 Luxembourg<br \/>\nEspace 2, 21 rue du Saint-Esprit, L-1475 Luxembourg<br \/>\nTel: +352 47 23 24, Fax: +352 47 25 24<\/p>\n<p>Ryuji Taira, Cadence, IV, 2014, platinum palladium print on Japanese Gampi tissue, 25,4 x 20,3 cm<br \/>\nOpening hours: Tu-Fr: 10 a.m.- 6.30 p.m., Sa: 10 a.m.- 5 p.m.<br \/>\n<a href=\"http:\/\/www.galerie-clairefontaine.lu\/\">www.galerie-clairefontaine.lu<\/a>, <a href=\"mailto:galerie.clairefontaine@pt.lu\">galerie.clairefontaine@pt.lu<\/a><\/p>\n<p>Roland Schauls, Abschied des Meistermachers, 1985, Acryl\/Kohle auf Leinwand, 158 x 180 cm<\/p>\n<p>Andrea Lehnert, Auf dem Sofa, 2017, \u00d6l auf Leinwand, 190 x 150 cm<\/p>\n<p>============================================================<br \/>\nContact:<br \/>\nGalerie Clairefontaine<br \/>\nEspace 1: 7, place de Clairefontaine, L-1341 Luxembourg<br \/>\nEspace 2: 21, rue du St-Esprit, L-1475 Luxembourg<br \/>\n<a href=\"mailto:galerie.clairefontaine@pt.lu\">galerie.clairefontaine@pt.lu<\/a><br \/>\n<a href=\"http:\/\/www.galerie-clairefontaine.lu\/\">www.galerie-clairefontaine.lu<\/a> (http:\/\/www.galerie-clairefontaine.lu)<\/p>\n<p>&nbsp;<\/p>\n","protected":false},"excerpt":{"rendered":"<p> &#8230; <a href=\"https:\/\/christine-henn.com\/\" class=\"more-link\">Read More<\/a><\/p>\n","protected":false},"author":1,"featured_media":0,"parent":0,"menu_order":0,"comment_status":"closed","ping_status":"closed","template":"","meta":[],"_links":{"self":[{"href":"https:\/\/christine-henn.com\/index.php?rest_route=\/wp\/v2\/pages\/42"}],"collection":[{"href":"https:\/\/christine-henn.com\/index.php?rest_route=\/wp\/v2\/pages"}],"about":[{"href":"https:\/\/christine-henn.com\/index.php?rest_route=\/wp\/v2\/types\/page"}],"author":[{"embeddable":true,"href":"https:\/\/christine-henn.com\/index.php?rest_route=\/wp\/v2\/users\/1"}],"replies":[{"embeddable":true,"href":"https:\/\/christine-henn.com\/index.php?rest_route=%2Fwp%2Fv2%2Fcomments&post=42"}],"version-history":[{"count":9,"href":"https:\/\/christine-henn.com\/index.php?rest_route=\/wp\/v2\/pages\/42\/revisions"}],"predecessor-version":[{"id":831,"href":"https:\/\/christine-henn.com\/index.php?rest_route=\/wp\/v2\/pages\/42\/revisions\/831"}],"wp:attachment":[{"href":"https:\/\/christine-henn.com\/index.php?rest_route=%2Fwp%2Fv2%2Fmedia&parent=42"}],"curies":[{"name":"wp","href":"https:\/\/api.w.org\/{rel}","templated":true}]}}